{"id":2,"date":"2020-02-19T11:28:47","date_gmt":"2020-02-19T14:28:47","guid":{"rendered":"http:\/\/dragonlibre.net\/?page_id=2"},"modified":"2020-02-20T23:10:23","modified_gmt":"2020-02-21T02:10:23","slug":"pagina-ejemplo","status":"publish","type":"page","link":"https:\/\/dragonlibre.net\/index.php\/pagina-ejemplo\/","title":{"rendered":"Acerca de Drag\u00f3n Libre"},"content":{"rendered":"<p>Este es un espacio principalmente de opini\u00f3n y reflexi\u00f3n. Los temas m\u00e1s habituales tienen que ver con la tecnolog\u00eda, los derechos humanos y la pol\u00edtica (y todo eso junto), aunque no se descarta ning\u00fan tema de inter\u00e9s general.<\/p>\n<p>Es mantenido por Jorge Ramirez (seretur), con la colaboraci\u00f3n de familiares y amigxs.<\/p>\n<p>Se intenta mantener una redacci\u00f3n aceptable, argumentada e informativa. El contenido apunta a promover debates m\u00e1s que a difundir unilateralmente una postura.<\/p>\n<p>Todos los contenidos originales se distribuyen bajo licencia CC BY-SA 4.0, lo que significa que se pueden compartir reconociendo la autor\u00eda y quienes lo hagan deben respetar el mismo tipo de licencia.<\/p>\n<p>Ojal\u00e1 sea de utilidad para otras personas.<\/p>\n","protected":false},"excerpt":{"rendered":"<p>Este es un espacio principalmente de opini\u00f3n y reflexi\u00f3n. Los temas m\u00e1s habituales tienen que ver con la tecnolog\u00eda, los derechos humanos y la pol\u00edtica (y todo eso junto), aunque no se descarta ning\u00fan tema de inter\u00e9s general. Es mantenido por Jorge Ramirez (seretur), con la colaboraci\u00f3n de familiares y [&hellip;]<\/p>\n","protected":false},"author":1,"featured_media":0,"parent":0,"menu_order":0,"comment_status":"closed","ping_status":"open","template":"","meta":{"footnotes":""},"class_list":["post-2","page","type-page","status-publish","hentry"],"jetpack_sharing_enabled":true,"_links":{"self":[{"href":"https:\/\/dragonlibre.net\/index.php\/wp-json\/wp\/v2\/pages\/2","targetHints":{"allow":["GET"]}}],"collection":[{"href":"https:\/\/dragonlibre.net\/index.php\/wp-json\/wp\/v2\/pages"}],"about":[{"href":"https:\/\/dragonlibre.net\/index.php\/wp-json\/wp\/v2\/types\/page"}],"author":[{"embeddable":true,"href":"https:\/\/dragonlibre.net\/index.php\/wp-json\/wp\/v2\/users\/1"}],"replies":[{"embeddable":true,"href":"https:\/\/dragonlibre.net\/index.php\/wp-json\/wp\/v2\/comments?post=2"}],"version-history":[{"count":3,"href":"https:\/\/dragonlibre.net\/index.php\/wp-json\/wp\/v2\/pages\/2\/revisions"}],"predecessor-version":[{"id":45,"href":"https:\/\/dragonlibre.net\/index.php\/wp-json\/wp\/v2\/pages\/2\/revisions\/45"}],"wp:attachment":[{"href":"https:\/\/dragonlibre.net\/index.php\/wp-json\/wp\/v2\/media?parent=2"}],"curies":[{"name":"wp","href":"https:\/\/api.w.org\/{rel}","templated":true}]}}